{"id":15,"date":"2023-09-14T15:04:53","date_gmt":"2023-09-14T13:04:53","guid":{"rendered":"https:\/\/romualdrodriguezlopez.fr\/?page_id=15"},"modified":"2024-01-15T11:05:52","modified_gmt":"2024-01-15T10:05:52","slug":"cv","status":"publish","type":"page","link":"https:\/\/romualdrodriguezlopez.fr\/index.php\/cv\/","title":{"rendered":"CV"},"content":{"rendered":"\n<div data-wp-interactive=\"core\/file\" class=\"wp-block-file\"><object data-wp-bind--hidden=\"!state.hasPdfPreview\" hidden class=\"wp-block-file__embed\" data=\"https:\/\/romualdrodriguezlopez.fr\/wp-content\/uploads\/2024\/01\/cv_romuald_rodriguez_lopez.pdf\" type=\"application\/pdf\" style=\"width:100%;height:600px\" aria-label=\"Contenu embarqu\u00e9 cv_romuald_rodriguez_lopez.\"><\/object><a id=\"wp-block-file--media-69d4a147-d939-475f-b160-c1406ef096a1\" href=\"https:\/\/romualdrodriguezlopez.fr\/wp-content\/uploads\/2024\/01\/cv_romuald_rodriguez_lopez.pdf\">cv_romuald_rodriguez_lopez<\/a><a href=\"https:\/\/romualdrodriguezlopez.fr\/wp-content\/uploads\/2024\/01\/cv_romuald_rodriguez_lopez.pdf\" class=\"wp-block-file__button wp-element-button\" download aria-describedby=\"wp-block-file--media-69d4a147-d939-475f-b160-c1406ef096a1\">T\u00e9l\u00e9charger<\/a><\/div>\n\n\n\n<h2 class=\"wp-block-heading\">TH\u00c9\u00c2TRE<\/h2>\n\n\n\n<p><strong>2014 D\u2019Artagnan in Love<\/strong> (Jean Denis Vivien),Th\u00e9\u00e2tre Pass\u00e9 Pr\u00e9sent, <em>Mise en sc\u00e8ne Jean Denis Vivien<\/em>, Portos.<br><strong>2013 Occupe-toi d\u2019Am\u00e9lie<\/strong> (Georges Feydeau), Th\u00e9\u00e2tre Pass\u00e9 Pr\u00e9sent, <em>Mise en sc\u00e8ne Claude Catulle<\/em>, Etienne.<br><strong>2012 La Puce \u00e0 l\u2019oreille<\/strong> (Georges Feydeau), Th\u00e9\u00e2tre Pass\u00e9 Pr\u00e9sent, <em>Mise en sc\u00e8ne Jean Denis Vivien<\/em>, Camille Chandebise.<br><strong>2011 Les Fables de La Fontaine<\/strong>, Th\u00e9\u00e2tre Pass\u00e9 Pr\u00e9sent,<em> Mise en sc\u00e8ne Jean Denis Vivien<\/em>, Le Renard.<br><strong>2011 L\u2019Aigle \u00e0 deux t\u00eates<\/strong> (Jean Cocteau), Th\u00e9\u00e2tre Pass\u00e9 Pr\u00e9sent,<em> Mise en sc\u00e8ne Claude Catulle<\/em>, F\u00e9lix de Willenstein.<br><strong>2010 Le bourgeois Gentilhomme<\/strong> (Moli\u00e8re), Th\u00e9\u00e2tre Pass\u00e9 Pr\u00e9sent, <em>Mise en sc\u00e8ne Jean Denis Vivien<\/em>, Covielle.<br><strong>2004 N\u2019\u00e9coutez-pas Mesdames<\/strong> (Sacha Guitry), Th\u00e9\u00e2tre Pass\u00e9 Pr\u00e9sent, <em>Mise en sc\u00e8ne Claude Catulle<\/em>, Le Canut.<br><strong>2004 Camisole<\/strong> (J\u00e9r\u00f4me Vitiello), L\u2019Entr\u00e9e des Artistes, <em>Mise en sc\u00e8ne Philippe Lecomte<\/em>, Docteur 2.<br><strong>2003 Le Roi<\/strong> (Flers et Caillavet), Th\u00e9\u00e2tre Pass\u00e9 Pr\u00e9sent, <em>Mise en sc\u00e8ne Claude Catulle<\/em>, Rivelot.<br><strong>2002 La Ronde<\/strong> (Arthur Schnitzler), Th\u00e9\u00e2tre Pass\u00e9 Pr\u00e9sent, <em>Mise en sc\u00e8ne Claude Catulle<\/em>, Le soldat.<br><strong>2001 L\u2019Epris des Lois<\/strong> (Sylvie Florian Pouilloux), L\u2019Entr\u00e9e des Artistes, <em>Mise en sc\u00e8ne Phillipe Lecomte<\/em>, Pierre Boulanger.<br><strong>1991 Le Livre de la Jungle<\/strong> (Disney), <em>Mise en sc\u00e8ne Alain Touche<\/em>, Mowgli.<br><strong>1989 Le Petit poucet<\/strong>, La petite compagnie de Paris, <em>Mise en sc\u00e8ne Agn\u00e8s Lopez<\/em>, Le grand Fr\u00e8re.<\/p>\n\n\n\n<hr class=\"wp-block-separator has-text-color has-black-color has-alpha-channel-opacity has-black-background-color has-background is-style-wide\"\/>\n\n\n\n<h2 class=\"wp-block-heading\">CIN\u00c9MA<\/h2>\n\n\n\n<p><strong>1993 L\u2019eau Froide<\/strong> <em>Olivier Assayas<\/em>, Fumeur n\u00b05<\/p>\n\n\n\n<hr class=\"wp-block-separator has-alpha-channel-opacity is-style-wide\"\/>\n\n\n\n<h2 class=\"wp-block-heading\">AUTRES<\/h2>\n\n\n\n<p><strong>2023<\/strong> : Podcast L\u2019Affaire Louis Gaufridy, Mise en sc\u00e8ne Romuald Rodriguez Lopez.<br><strong>2022<\/strong> : Composition de la bande son pour la BD Multim\u00e9dia Fisher Hunter.<br><strong>2004<\/strong> : Composition de la bande son pour la pi\u00e8ce N\u2019Ecoutez-pas Mesdames pour le Th\u00e9\u00e2tre Pass\u00e9 Pr\u00e9sent.<\/p>\n\n\n\n<hr class=\"wp-block-separator has-alpha-channel-opacity is-style-wide\"\/>\n\n\n\n<h2 class=\"wp-block-heading\">COURS ET FORMATIONS<\/h2>\n\n\n\n<p><strong>2022 &#8211; 2023 : The Theatre Academy<\/strong>, Aix-en-Provence. Guy Dardilhac.<br><strong>2000 \u2013 2004 : L\u2019Entr\u00e9e des Artistes<\/strong>, Cannes, Philippe Lecomte.<br><strong>1995 &#8211; 1996 : Cours Florent<\/strong>, Brigitte Descormiers.<br><strong>1993 \u2013 1995 : Studio Alain de Bock<\/strong>, Alain de Bock, Daniel Roman, Nathalie Chemelny.<br><strong>1990 \u2013 1992 : Cours Simon<\/strong>, Chantal Bri\u00e8re puis David Sztulman.<br><strong>1989 : La Petite Compagnie de Paris<\/strong>, Agn\u00e8s Lopez.<\/p>\n\n\n\n<hr class=\"wp-block-separator has-alpha-channel-opacity is-style-wide\"\/>\n\n\n\n<h2 class=\"wp-block-heading\">ACTIVIT\u00c9S SECONDAIRES<\/h2>\n\n\n\n<p><strong>2004 \u2013 2019<\/strong> : Pr\u00e9sident de la compagnie de th\u00e9\u00e2tre Sans Etiquette puis U-Topique Compagnie.<br><strong>2004 \u2013 2019<\/strong> : R\u00e9gisseur lumi\u00e8re pour tous les spectacles de fin d\u2019ann\u00e9e.<br><strong>2004 &#8211; 2006<\/strong> : Professeur de th\u00e9\u00e2tre pour la compagnie les Enfants du Paradis, Valbonne.<br><strong>2003 \u2013 2005<\/strong> : Professeur de th\u00e9\u00e2tre pour la Compagnie Th\u00e9\u00e2tre Pass\u00e9 Pr\u00e9sent de Mougins.<br><br>Compositeur de bandes son et d\u2018ambiances musicales, r\u00e9alisateur (courts m\u00e9trages), monteur vid\u00e9o.<br>Infographiste.<\/p>\n","protected":false},"excerpt":{"rendered":"<p>TH\u00c9\u00c2TRE 2014 D\u2019Artagnan in Love (Jean Denis Vivien),Th\u00e9\u00e2tre Pass\u00e9 Pr\u00e9sent, Mise en sc\u00e8ne Jean Denis Vivien, Portos.2013 Occupe-toi d\u2019Am\u00e9lie (Georges Feydeau), Th\u00e9\u00e2tre Pass\u00e9 Pr\u00e9sent, Mise en sc\u00e8ne Claude Catulle, Etienne.2012 La Puce \u00e0 l\u2019oreille (Georges Feydeau), Th\u00e9\u00e2tre Pass\u00e9 Pr\u00e9sent, Mise en sc\u00e8ne Jean Denis Vivien, Camille Chandebise.2011 Les Fables de La Fontaine, Th\u00e9\u00e2tre Pass\u00e9 Pr\u00e9sent, &hellip; <\/p>\n<p class=\"link-more\"><a href=\"https:\/\/romualdrodriguezlopez.fr\/index.php\/cv\/\" class=\"more-link\">Lire la suite de<span class=\"screen-reader-text\">\u00ab\u00a0CV\u00a0\u00bb<\/span><\/a><\/p>\n","protected":false},"author":1,"featured_media":0,"parent":0,"menu_order":0,"comment_status":"closed","ping_status":"closed","template":"","meta":{"footnotes":""},"class_list":["post-15","page","type-page","status-publish","hentry"],"featured_media_urls":[],"_links":{"self":[{"href":"https:\/\/romualdrodriguezlopez.fr\/index.php\/wp-json\/wp\/v2\/pages\/15","targetHints":{"allow":["GET"]}}],"collection":[{"href":"https:\/\/romualdrodriguezlopez.fr\/index.php\/wp-json\/wp\/v2\/pages"}],"about":[{"href":"https:\/\/romualdrodriguezlopez.fr\/index.php\/wp-json\/wp\/v2\/types\/page"}],"author":[{"embeddable":true,"href":"https:\/\/romualdrodriguezlopez.fr\/index.php\/wp-json\/wp\/v2\/users\/1"}],"replies":[{"embeddable":true,"href":"https:\/\/romualdrodriguezlopez.fr\/index.php\/wp-json\/wp\/v2\/comments?post=15"}],"version-history":[{"count":5,"href":"https:\/\/romualdrodriguezlopez.fr\/index.php\/wp-json\/wp\/v2\/pages\/15\/revisions"}],"predecessor-version":[{"id":227,"href":"https:\/\/romualdrodriguezlopez.fr\/index.php\/wp-json\/wp\/v2\/pages\/15\/revisions\/227"}],"wp:attachment":[{"href":"https:\/\/romualdrodriguezlopez.fr\/index.php\/wp-json\/wp\/v2\/media?parent=15"}],"curies":[{"name":"wp","href":"https:\/\/api.w.org\/{rel}","templated":true}]}}